{"id":5597,"date":"2020-04-16T08:38:06","date_gmt":"2020-04-16T06:38:06","guid":{"rendered":"http:\/\/aeroclub-val-durance.fr\/?page_id=5597"},"modified":"2023-05-04T19:49:46","modified_gmt":"2023-05-04T17:49:46","slug":"itineraire-pic-bure","status":"publish","type":"page","link":"https:\/\/aeroclub-val-durance.fr\/index.php\/itineraire-pic-bure\/","title":{"rendered":"Itineraire Pic de Bure"},"content":{"rendered":"<div data-colibri-id=\"5597-c1\" class=\"style-1228 style-local-5597-c1 position-relative\">\n  <!---->\n  <div data-colibri-component=\"section\" data-colibri-id=\"5597-c2\" id=\"about\" class=\"h-section h-section-global-spacing d-flex align-items-lg-center align-items-md-center align-items-center style-1237 style-local-5597-c2 position-relative\">\n    <!---->\n    <!---->\n    <div class=\"h-section-grid-container h-section-boxed-container\">\n      <div data-colibri-id=\"5597-c7\" class=\"h-row-container gutters-row-lg-2 gutters-row-md-2 gutters-row-2 gutters-row-v-lg-2 gutters-row-v-md-2 gutters-row-v-2 style-1242 style-local-5597-c7 position-relative\">\n        <!---->\n        <div class=\"h-row justify-content-lg-center justify-content-md-center justify-content-center align-items-lg-stretch align-items-md-stretch align-items-stretch gutters-col-lg-2 gutters-col-md-2 gutters-col-2 gutters-col-v-lg-2 gutters-col-v-md-2 gutters-col-v-2\">\n          <!---->\n          <div class=\"h-column h-column-container d-flex h-col-lg-auto h-col-md-auto h-col-auto style-1243-outer style-local-5597-c8-outer\">\n            <div data-colibri-id=\"5597-c8\" class=\"d-flex h-flex-basis h-column__inner h-px-lg-2 h-px-md-2 h-px-2 v-inner-lg-2 v-inner-md-2 v-inner-2 style-1243 style-local-5597-c8 position-relative\">\n              <!---->\n              <!---->\n              <div class=\"w-100 h-y-container h-column__content h-column__v-align flex-basis-100 align-self-lg-start align-self-md-start align-self-start\">\n                <!---->\n                <div data-colibri-id=\"5597-c9\" class=\"h-global-transition-all h-heading style-1244 style-local-5597-c9 position-relative h-element\">\n                  <!---->\n                  <div class=\"h-heading__outer style-1244 style-local-5597-c9\">\n                    <!---->\n                    <!---->\n                    <h5 class=\"\">Vol de d\u00e9couverte<\/h5>\n                  <\/div>\n                <\/div>\n                <div data-colibri-id=\"5597-c10\" class=\"h-global-transition-all h-heading style-1245 style-local-5597-c10 position-relative h-element\">\n                  <!---->\n                  <div class=\"h-heading__outer style-1245 style-local-5597-c10\">\n                    <!---->\n                    <!---->\n                    <h2 class=\"\">Tour du Pic de Bure<\/h2>\n                  <\/div>\n                <\/div>\n                <div data-colibri-id=\"5597-c11\" class=\"h-lead h-text h-text-component style-1246 style-local-5597-c11 position-relative h-element\">\n                  <!---->\n                  <!---->\n                  <div class=\"\">\n                    <p>Nous d\u00e9collons de Tallard puis cap au sud vers le point \u00ab\u00a0S1\u00a0\u00bb (La Saulce).\n                      <br>Nous montons ensuite vers le pic de bure en longeant la falaise de Ce\u00fcze pour atteindre l&rsquo;altitude de 9500ft (2900m).\n                      <br>Nous effectuons le tour du Pic de bure pour rejoindre en descente le point \u00ab\u00a0N\u00a0\u00bb (viaduc SNCF) puis le point \u00ab\u00a0E1\u00a0\u00bb (Route de la Luye) pour int\u00e9grer l&rsquo;a\u00e9rodrome\n                      <br>\n                    <\/p>\n                  <\/div>\n                <\/div>\n                <div data-colibri-id=\"5597-c12\" class=\"h-x-container style-1247 style-local-5597-c12 position-relative h-element\">\n                  <!---->\n                  <div class=\"h-x-container-inner style-dynamic-5597-c12-group style-1247-spacing style-local-5597-c12-spacing\"><span class=\"h-button__outer style-1248-outer style-local-5597-c13-outer d-inline-flex h-element\"><a h-use-smooth-scroll=\"true\" href=\"https:\/\/firstflight.aerogest.fr\/Structure\/Display\/eknram3s\"  data-colibri-id=\"5597-c13\" class=\"d-flex w-100 align-items-center h-button justify-content-lg-center justify-content-md-center justify-content-center style-1248 style-local-5597-c13 position-relative\"><!----><!----> <span>Acheter un vol<\/span><\/a>\n                    <\/span>\n                  <\/div>\n                <\/div>\n              <\/div>\n            <\/div>\n          <\/div>\n        <\/div>\n      <\/div>\n      <div data-colibri-id=\"5597-c3\" class=\"h-row-container gutters-row-lg-0 gutters-row-md-0 gutters-row-0 gutters-row-v-lg-0 gutters-row-v-md-0 gutters-row-v-0 style-1238 style-local-5597-c3 h-overflow-hidden position-relative\">\n        <!---->\n        <div class=\"h-row justify-content-lg-center justify-content-md-center justify-content-center align-items-lg-end align-items-md-end align-items-end gutters-col-lg-0 gutters-col-md-0 gutters-col-0 gutters-col-v-lg-0 gutters-col-v-md-0 gutters-col-v-0\">\n          <!---->\n          <div class=\"h-column h-column-container d-flex h-col-lg-auto h-col-md-auto h-col-auto align-self-lg-end align-self-md-end align-self-end style-1239-outer style-local-5597-c4-outer\">\n            <div data-colibri-id=\"5597-c4\" class=\"d-flex h-flex-basis h-column__inner h-ui-empty-state-container h-px-lg-0 h-px-md-0 h-px-0 v-inner-lg-0 v-inner-md-0 v-inner-0 style-1239 style-local-5597-c4 position-relative\">\n              <!---->\n              <!---->\n              <div class=\"w-100 h-y-container h-column__content h-column__v-align flex-basis-100\">\n                <!---->\n              <\/div>\n            <\/div>\n          <\/div>\n          <div class=\"h-column h-column-container d-flex h-col-lg-auto h-col-md-auto h-col-auto align-self-lg-end align-self-md-end align-self-end style-1240-outer style-local-5597-c5-outer\">\n            <div data-colibri-id=\"5597-c5\" class=\"d-flex h-flex-basis h-column__inner h-ui-empty-state-container h-px-lg-0 h-px-md-0 h-px-0 v-inner-lg-0 v-inner-md-0 v-inner-0 style-1240 style-local-5597-c5 position-relative\">\n              <!---->\n              <!---->\n              <div class=\"w-100 h-y-container h-column__content h-column__v-align flex-basis-100\">\n                <!---->\n              <\/div>\n            <\/div>\n          <\/div>\n          <div class=\"h-column h-column-container d-flex h-col-lg-auto h-col-md-auto h-col-auto align-self-lg-end align-self-md-end align-self-end style-1241-outer style-local-5597-c6-outer\">\n            <div data-colibri-id=\"5597-c6\" class=\"d-flex h-flex-basis h-column__inner h-ui-empty-state-container h-px-lg-0 h-px-md-0 h-px-0 v-inner-lg-0 v-inner-md-0 v-inner-0 style-1241 style-local-5597-c6 position-relative\">\n              <!---->\n              <!---->\n              <div class=\"w-100 h-y-container h-column__content h-column__v-align flex-basis-100\">\n                <!---->\n              <\/div>\n            <\/div>\n          <\/div>\n        <\/div>\n      <\/div>\n    <\/div>\n  <\/div>\n  <div data-colibri-component=\"section\" data-colibri-id=\"5597-c14\" id=\"custom\" class=\"h-section h-section-global-spacing d-flex align-items-lg-center align-items-md-center align-items-center style-1252 style-local-5597-c14 position-relative\">\n    <!---->\n    <!---->\n    <div class=\"h-section-grid-container h-section-boxed-container\">\n      <!---->\n      <div data-colibri-id=\"5597-c15\" class=\"h-row-container gutters-row-lg-2 gutters-row-md-2 gutters-row-0 gutters-row-v-lg-2 gutters-row-v-md-2 gutters-row-v-2 style-1253 style-local-5597-c15 position-relative\">\n        <!---->\n        <div class=\"h-row justify-content-lg-center justify-content-md-center justify-content-center align-items-lg-stretch align-items-md-stretch align-items-stretch gutters-col-lg-2 gutters-col-md-2 gutters-col-0 gutters-col-v-lg-2 gutters-col-v-md-2 gutters-col-v-2\">\n          <!---->\n          <div class=\"h-column h-column-container d-flex h-col-lg-auto h-col-md-auto h-col-auto style-1254-outer style-local-5597-c16-outer\">\n            <div data-colibri-id=\"5597-c16\" class=\"d-flex h-flex-basis h-column__inner h-px-lg-2 h-px-md-2 h-px-2 v-inner-lg-2 v-inner-md-2 v-inner-2 style-1254 style-local-5597-c16 position-relative\">\n              <!---->\n              <!---->\n              <div class=\"w-100 h-y-container h-column__content h-column__v-align flex-basis-100 align-self-lg-start align-self-md-start align-self-start\">\n                <!---->\n                <div data-colibri-id=\"5597-c17\" class=\"d-block style-1255 style-local-5597-c17 position-relative h-element\">\n                  <!---->\n                  <div class=\"h-image__frame-container-outer\">\n                    <div class=\"h-image__frame-container\">\n                      <!---->\n                      <!---->\n                      <img data-recalc-dims=\"1\" loading=\"lazy\" decoding=\"async\" width=\"534\" height=\"775\" src=\"https:\/\/i0.wp.com\/aeroclub-val-durance.fr\/wp-content\/uploads\/2020\/04\/Trace-Bure.png?resize=534%2C775\" class=\"wp-image-5600 style-1255-image style-local-5597-c17-image\" alt=\"\" srcset=\"https:\/\/i0.wp.com\/aeroclub-val-durance.fr\/wp-content\/uploads\/2020\/04\/Trace-Bure.png?w=534&amp;ssl=1 534w, https:\/\/i0.wp.com\/aeroclub-val-durance.fr\/wp-content\/uploads\/2020\/04\/Trace-Bure.png?resize=207%2C300&amp;ssl=1 207w\" sizes=\"auto, (max-width: 534px) 100vw, 534px\" \/>\n                      <div class=\"h-image__frame h-hide-lg h-hide-md h-hide-sm style-1255-frameImage style-local-5597-c17-frameImage\"><\/div>\n                    <\/div>\n                  <\/div>\n                <\/div>\n              <\/div>\n            <\/div>\n          <\/div>\n        <\/div>\n      <\/div>\n    <\/div>\n  <\/div>\n<\/div>","protected":false},"excerpt":{"rendered":"<p>Vol de d\u00e9couverte Tour du Pic de Bure Nous d\u00e9collons de Tallard puis cap au sud vers le point \u00ab\u00a0S1\u00a0\u00bb (La Saulce). Nous montons ensuite vers le pic de bure en longeant la falaise de Ce\u00fcze pour atteindre l&rsquo;altitude de 9500ft (2900m). Nous effectuons le tour du Pic de bure pour rejoindre en descente le [&hellip;]<\/p>\n","protected":false},"author":1,"featured_media":0,"parent":0,"menu_order":0,"comment_status":"closed","ping_status":"closed","template":"page-templates\/full-width-page.php","meta":{"footnotes":""},"class_list":["post-5597","page","type-page","status-publish","hentry"],"yoast_head":"<!-- This site is optimized with the Yoast SEO plugin v24.9 - https:\/\/yoast.com\/wordpress\/plugins\/seo\/ -->\n<title>Itineraire Pic de Bure - A\u00e9roclub Val de Durance<\/title>\n<meta name=\"robots\" content=\"index, follow, max-snippet:-1, max-image-preview:large, max-video-preview:-1\" \/>\n<link rel=\"canonical\" href=\"http:\/\/aeroclub-val-durance.fr\/index.php\/itineraire-pic-bure\/\" \/>\n<meta property=\"og:locale\" content=\"fr_FR\" \/>\n<meta property=\"og:type\" content=\"article\" \/>\n<meta property=\"og:title\" content=\"Itineraire Pic de Bure - A\u00e9roclub Val de Durance\" \/>\n<meta property=\"og:description\" content=\"Vol de d\u00e9couverte Tour du Pic de Bure Nous d\u00e9collons de Tallard puis cap au sud vers le point \u00ab\u00a0S1\u00a0\u00bb (La Saulce). Nous montons ensuite vers le pic de bure en longeant la falaise de Ce\u00fcze pour atteindre l&rsquo;altitude de 9500ft (2900m). Nous effectuons le tour du Pic de bure pour rejoindre en descente le [&hellip;]\" \/>\n<meta property=\"og:url\" content=\"http:\/\/aeroclub-val-durance.fr\/index.php\/itineraire-pic-bure\/\" \/>\n<meta property=\"og:site_name\" content=\"A\u00e9roclub Val de Durance\" \/>\n<meta property=\"article:publisher\" content=\"https:\/\/www.facebook.com\/aavdgaptallard\/?ref=bookmarks\" \/>\n<meta property=\"article:modified_time\" content=\"2023-05-04T17:49:46+00:00\" \/>\n<meta property=\"og:image\" content=\"http:\/\/aeroclub-val-durance.fr\/wp-content\/uploads\/2020\/04\/Trace-Bure.png\" \/>\n<meta name=\"twitter:card\" content=\"summary_large_image\" \/>\n<script type=\"application\/ld+json\" class=\"yoast-schema-graph\">{\"@context\":\"https:\/\/schema.org\",\"@graph\":[{\"@type\":\"WebPage\",\"@id\":\"http:\/\/aeroclub-val-durance.fr\/index.php\/itineraire-pic-bure\/\",\"url\":\"http:\/\/aeroclub-val-durance.fr\/index.php\/itineraire-pic-bure\/\",\"name\":\"Itineraire Pic de Bure - A\u00e9roclub Val de Durance\",\"isPartOf\":{\"@id\":\"https:\/\/aeroclub-val-durance.fr\/#website\"},\"primaryImageOfPage\":{\"@id\":\"http:\/\/aeroclub-val-durance.fr\/index.php\/itineraire-pic-bure\/#primaryimage\"},\"image\":{\"@id\":\"http:\/\/aeroclub-val-durance.fr\/index.php\/itineraire-pic-bure\/#primaryimage\"},\"thumbnailUrl\":\"http:\/\/aeroclub-val-durance.fr\/wp-content\/uploads\/2020\/04\/Trace-Bure.png\",\"datePublished\":\"2020-04-16T06:38:06+00:00\",\"dateModified\":\"2023-05-04T17:49:46+00:00\",\"breadcrumb\":{\"@id\":\"http:\/\/aeroclub-val-durance.fr\/index.php\/itineraire-pic-bure\/#breadcrumb\"},\"inLanguage\":\"fr-FR\",\"potentialAction\":[{\"@type\":\"ReadAction\",\"target\":[\"http:\/\/aeroclub-val-durance.fr\/index.php\/itineraire-pic-bure\/\"]}]},{\"@type\":\"ImageObject\",\"inLanguage\":\"fr-FR\",\"@id\":\"http:\/\/aeroclub-val-durance.fr\/index.php\/itineraire-pic-bure\/#primaryimage\",\"url\":\"https:\/\/i0.wp.com\/aeroclub-val-durance.fr\/wp-content\/uploads\/2020\/04\/Trace-Bure.png?fit=534%2C775&ssl=1\",\"contentUrl\":\"https:\/\/i0.wp.com\/aeroclub-val-durance.fr\/wp-content\/uploads\/2020\/04\/Trace-Bure.png?fit=534%2C775&ssl=1\",\"width\":534,\"height\":775},{\"@type\":\"BreadcrumbList\",\"@id\":\"http:\/\/aeroclub-val-durance.fr\/index.php\/itineraire-pic-bure\/#breadcrumb\",\"itemListElement\":[{\"@type\":\"ListItem\",\"position\":1,\"name\":\"Accueil\",\"item\":\"https:\/\/aeroclub-val-durance.fr\/\"},{\"@type\":\"ListItem\",\"position\":2,\"name\":\"Itineraire Pic de Bure\"}]},{\"@type\":\"WebSite\",\"@id\":\"https:\/\/aeroclub-val-durance.fr\/#website\",\"url\":\"https:\/\/aeroclub-val-durance.fr\/\",\"name\":\"A\u00e9roclub Val de Durance\",\"description\":\"Ecole de pilotage | Gap-Tallard\",\"publisher\":{\"@id\":\"https:\/\/aeroclub-val-durance.fr\/#organization\"},\"potentialAction\":[{\"@type\":\"SearchAction\",\"target\":{\"@type\":\"EntryPoint\",\"urlTemplate\":\"https:\/\/aeroclub-val-durance.fr\/?s={search_term_string}\"},\"query-input\":{\"@type\":\"PropertyValueSpecification\",\"valueRequired\":true,\"valueName\":\"search_term_string\"}}],\"inLanguage\":\"fr-FR\"},{\"@type\":\"Organization\",\"@id\":\"https:\/\/aeroclub-val-durance.fr\/#organization\",\"name\":\"A\u00e9roclub Val de Durance\",\"url\":\"https:\/\/aeroclub-val-durance.fr\/\",\"logo\":{\"@type\":\"ImageObject\",\"inLanguage\":\"fr-FR\",\"@id\":\"https:\/\/aeroclub-val-durance.fr\/#\/schema\/logo\/image\/\",\"url\":\"http:\/\/aeroclub-val-durance.fr\/wp-content\/uploads\/2020\/03\/logo_AAVD_transp-e1585070919426.png\",\"contentUrl\":\"http:\/\/aeroclub-val-durance.fr\/wp-content\/uploads\/2020\/03\/logo_AAVD_transp-e1585070919426.png\",\"width\":150,\"height\":147,\"caption\":\"A\u00e9roclub Val de Durance\"},\"image\":{\"@id\":\"https:\/\/aeroclub-val-durance.fr\/#\/schema\/logo\/image\/\"},\"sameAs\":[\"https:\/\/www.facebook.com\/aavdgaptallard\/?ref=bookmarks\",\"https:\/\/www.instagram.com\/aavd05\/?hl=fr\",\"https:\/\/www.youtube.com\/channel\/UCcdqHD0aM77rSu-b7wrSdcQ\/videos\"]}]}<\/script>\n<!-- \/ Yoast SEO plugin. -->","yoast_head_json":{"title":"Itineraire Pic de Bure - A\u00e9roclub Val de Durance","robots":{"index":"index","follow":"follow","max-snippet":"max-snippet:-1","max-image-preview":"max-image-preview:large","max-video-preview":"max-video-preview:-1"},"canonical":"http:\/\/aeroclub-val-durance.fr\/index.php\/itineraire-pic-bure\/","og_locale":"fr_FR","og_type":"article","og_title":"Itineraire Pic de Bure - A\u00e9roclub Val de Durance","og_description":"Vol de d\u00e9couverte Tour du Pic de Bure Nous d\u00e9collons de Tallard puis cap au sud vers le point \u00ab\u00a0S1\u00a0\u00bb (La Saulce). Nous montons ensuite vers le pic de bure en longeant la falaise de Ce\u00fcze pour atteindre l&rsquo;altitude de 9500ft (2900m). Nous effectuons le tour du Pic de bure pour rejoindre en descente le [&hellip;]","og_url":"http:\/\/aeroclub-val-durance.fr\/index.php\/itineraire-pic-bure\/","og_site_name":"A\u00e9roclub Val de Durance","article_publisher":"https:\/\/www.facebook.com\/aavdgaptallard\/?ref=bookmarks","article_modified_time":"2023-05-04T17:49:46+00:00","og_image":[{"url":"http:\/\/aeroclub-val-durance.fr\/wp-content\/uploads\/2020\/04\/Trace-Bure.png","type":"","width":"","height":""}],"twitter_card":"summary_large_image","schema":{"@context":"https:\/\/schema.org","@graph":[{"@type":"WebPage","@id":"http:\/\/aeroclub-val-durance.fr\/index.php\/itineraire-pic-bure\/","url":"http:\/\/aeroclub-val-durance.fr\/index.php\/itineraire-pic-bure\/","name":"Itineraire Pic de Bure - A\u00e9roclub Val de Durance","isPartOf":{"@id":"https:\/\/aeroclub-val-durance.fr\/#website"},"primaryImageOfPage":{"@id":"http:\/\/aeroclub-val-durance.fr\/index.php\/itineraire-pic-bure\/#primaryimage"},"image":{"@id":"http:\/\/aeroclub-val-durance.fr\/index.php\/itineraire-pic-bure\/#primaryimage"},"thumbnailUrl":"http:\/\/aeroclub-val-durance.fr\/wp-content\/uploads\/2020\/04\/Trace-Bure.png","datePublished":"2020-04-16T06:38:06+00:00","dateModified":"2023-05-04T17:49:46+00:00","breadcrumb":{"@id":"http:\/\/aeroclub-val-durance.fr\/index.php\/itineraire-pic-bure\/#breadcrumb"},"inLanguage":"fr-FR","potentialAction":[{"@type":"ReadAction","target":["http:\/\/aeroclub-val-durance.fr\/index.php\/itineraire-pic-bure\/"]}]},{"@type":"ImageObject","inLanguage":"fr-FR","@id":"http:\/\/aeroclub-val-durance.fr\/index.php\/itineraire-pic-bure\/#primaryimage","url":"https:\/\/i0.wp.com\/aeroclub-val-durance.fr\/wp-content\/uploads\/2020\/04\/Trace-Bure.png?fit=534%2C775&ssl=1","contentUrl":"https:\/\/i0.wp.com\/aeroclub-val-durance.fr\/wp-content\/uploads\/2020\/04\/Trace-Bure.png?fit=534%2C775&ssl=1","width":534,"height":775},{"@type":"BreadcrumbList","@id":"http:\/\/aeroclub-val-durance.fr\/index.php\/itineraire-pic-bure\/#breadcrumb","itemListElement":[{"@type":"ListItem","position":1,"name":"Accueil","item":"https:\/\/aeroclub-val-durance.fr\/"},{"@type":"ListItem","position":2,"name":"Itineraire Pic de Bure"}]},{"@type":"WebSite","@id":"https:\/\/aeroclub-val-durance.fr\/#website","url":"https:\/\/aeroclub-val-durance.fr\/","name":"A\u00e9roclub Val de Durance","description":"Ecole de pilotage | Gap-Tallard","publisher":{"@id":"https:\/\/aeroclub-val-durance.fr\/#organization"},"potentialAction":[{"@type":"SearchAction","target":{"@type":"EntryPoint","urlTemplate":"https:\/\/aeroclub-val-durance.fr\/?s={search_term_string}"},"query-input":{"@type":"PropertyValueSpecification","valueRequired":true,"valueName":"search_term_string"}}],"inLanguage":"fr-FR"},{"@type":"Organization","@id":"https:\/\/aeroclub-val-durance.fr\/#organization","name":"A\u00e9roclub Val de Durance","url":"https:\/\/aeroclub-val-durance.fr\/","logo":{"@type":"ImageObject","inLanguage":"fr-FR","@id":"https:\/\/aeroclub-val-durance.fr\/#\/schema\/logo\/image\/","url":"http:\/\/aeroclub-val-durance.fr\/wp-content\/uploads\/2020\/03\/logo_AAVD_transp-e1585070919426.png","contentUrl":"http:\/\/aeroclub-val-durance.fr\/wp-content\/uploads\/2020\/03\/logo_AAVD_transp-e1585070919426.png","width":150,"height":147,"caption":"A\u00e9roclub Val de Durance"},"image":{"@id":"https:\/\/aeroclub-val-durance.fr\/#\/schema\/logo\/image\/"},"sameAs":["https:\/\/www.facebook.com\/aavdgaptallard\/?ref=bookmarks","https:\/\/www.instagram.com\/aavd05\/?hl=fr","https:\/\/www.youtube.com\/channel\/UCcdqHD0aM77rSu-b7wrSdcQ\/videos"]}]}},"jetpack_sharing_enabled":true,"_links":{"self":[{"href":"https:\/\/aeroclub-val-durance.fr\/index.php\/wp-json\/wp\/v2\/pages\/5597","targetHints":{"allow":["GET"]}}],"collection":[{"href":"https:\/\/aeroclub-val-durance.fr\/index.php\/wp-json\/wp\/v2\/pages"}],"about":[{"href":"https:\/\/aeroclub-val-durance.fr\/index.php\/wp-json\/wp\/v2\/types\/page"}],"author":[{"embeddable":true,"href":"https:\/\/aeroclub-val-durance.fr\/index.php\/wp-json\/wp\/v2\/users\/1"}],"replies":[{"embeddable":true,"href":"https:\/\/aeroclub-val-durance.fr\/index.php\/wp-json\/wp\/v2\/comments?post=5597"}],"version-history":[{"count":7,"href":"https:\/\/aeroclub-val-durance.fr\/index.php\/wp-json\/wp\/v2\/pages\/5597\/revisions"}],"predecessor-version":[{"id":7127,"href":"https:\/\/aeroclub-val-durance.fr\/index.php\/wp-json\/wp\/v2\/pages\/5597\/revisions\/7127"}],"wp:attachment":[{"href":"https:\/\/aeroclub-val-durance.fr\/index.php\/wp-json\/wp\/v2\/media?parent=5597"}],"curies":[{"name":"wp","href":"https:\/\/api.w.org\/{rel}","templated":true}]}}